{"id":29136,"date":"2024-10-21T12:05:56","date_gmt":"2024-10-21T10:05:56","guid":{"rendered":"https:\/\/arxivar.ch\/privacy-policy\/"},"modified":"2024-11-12T12:41:08","modified_gmt":"2024-11-12T11:41:08","slug":"privacy-policy","status":"publish","type":"page","link":"https:\/\/arxivar.ch\/de\/privacy-policy\/","title":{"rendered":"Privacy Policy"},"content":{"rendered":"\t\t<div data-elementor-type=\"wp-page\" data-elementor-id=\"29136\" class=\"elementor elementor-29136 elementor-3\">\n\t\t\t\t<div class=\"elementor-element elementor-element-53878fd1 e-flex e-con-boxed e-con e-parent\" data-id=\"53878fd1\" data-element_type=\"container\" data-e-type=\"container\">\n\t\t\t\t\t<div class=\"e-con-inner\">\n\t\t\t\t<div class=\"elementor-element elementor-element-47867366 elementor-widget elementor-widget-text-editor\" data-id=\"47867366\" data-element_type=\"widget\" data-e-type=\"widget\" data-widget_type=\"text-editor.default\">\n\t\t\t\t<div class=\"elementor-widget-container\">\n\t\t\t\t\t\t\t\t\t<h1 style=\"color: #000!important;\">Datenschutzerkl\u00e4rung<\/h1><p>Diese Datenschutzerkl\u00e4rung (&#8222;Erkl\u00e4rung&#8220;) entspricht den Bestimmungen des Bundesgesetzes \u00fcber den Datenschutz (\u201eDSG\u201c). Diese Erkl\u00e4rung informiert transparent und angemessen \u00fcber die Verarbeitung der Nutzerdaten durch den Verantwortlichen (nachfolgend n\u00e4her definiert), der insbesondere \u00fcber unsere Website mit uns kommuniziert oder auf andere Weise mit uns interagiert.<\/p><h3>DEFINITIONEN:<\/h3><p>Betroffene Person: die nat\u00fcrliche Person, deren personenbezogene Daten verarbeitet werden;<\/p><p>Personenbezogene Daten: alle Informationen, die sich auf eine identifizierte oder identifizierbare nat\u00fcrliche Person beziehen;<\/p><p>Besonders sch\u00fctzenswerte personenbezogene Daten: (i) Daten \u00fcber religi\u00f6se, philosophische, politische oder gewerkschaftliche Ansichten oder T\u00e4tigkeiten; (ii) Daten \u00fcber die Gesundheit, die Intimsph\u00e4re oder die Zugeh\u00f6rigkeit zu einer Rasse oder Ethnie; (iii) genetische Daten; (iv) biometrische Daten, die eine nat\u00fcrliche Person eindeutig identifizieren; (v) Daten \u00fcber straf- und verwaltungsrechtliche Verfolgungen und Sanktionen; (vi) Daten \u00fcber sozialhilfe Ma\u00dfnahmen.<\/p><p>Verarbeitung: jede Operation in Bezug auf personenbezogene Daten, unabh\u00e4ngig von den verwendeten Mitteln und Verfahren, insbesondere das Erfassen, Speichern, Verwenden, \u00c4ndern, Kommunizieren, Archivieren, L\u00f6schen oder Zug\u00e4nglichmachen;<\/p><p>\u00dcbermittlung: die Weitergabe personenbezogener Daten oder das Zug\u00e4nglichmachen dieser Daten;<\/p><p>Verantwortlicher: die Person, die allein oder gemeinsam mit anderen die Zwecke und Mittel der Verarbeitung bestimmt;<\/p><p>Auftragsverarbeiter: die Person, die personenbezogene Daten im Auftrag des Verantwortlichen verarbeitet.<\/p><h3>VERANTWORTLICHER:<\/h3><p>Die Entit\u00e4t, die die Verarbeitung der personenbezogenen Daten der Nutzer durchf\u00fchrt, ist CHC business solutions SA, eine Gesellschaft nach Schweizer Recht (CHE-109.868.376), mit Sitz in der Via Luciano Zuccoli 19, CH-6900 Paradiso TI.<\/p><p>Der Verantwortliche betreibt die Website www.chcbs.ch.<\/p><p>Die Kontaktdaten des Verantwortlichen lauten wie folgt:<br \/>T.\u00a0<a href=\"tel:0041916119090\">0041 (0)91 611 90 90<\/a><br \/><a href=\"mailto:info@chcbs.ch\">info@chcbs.ch<\/a><\/p><h3>SICHERHEIT DER PERSONENBEZOGENEN DATEN<\/h3><p>Der Verantwortliche verpflichtet sich, technische und organisatorische Sicherheitsma\u00dfnahmen gem\u00e4\u00df den gesetzlichen und vertraglichen Verpflichtungen zu ergreifen, um die personenbezogenen Daten der betroffenen Person zu sch\u00fctzen.<\/p><p>Als Verantwortlicher \u00fcberwachen wir regelm\u00e4\u00dfig die getroffenen Sicherheitsma\u00dfnahmen, um sie an den Stand der Technik anzupassen.<\/p><p>Die \u00dcbertragung von Informationen \u00fcber ein offenes Netzwerk wie das Internet oder andere elektronische Kommunikationsmittel birgt jedoch gewisse Sicherheitsrisiken, daher kann die Sicherheit der so \u00fcbertragenen Informationen nicht absolut garantiert werden; es gibt also kein \u201eNullrisiko\u201c.<\/p><h3>ZWECK DER VERARBEITUNG UND KATEGORIEN PERSONENBEZOGENER DATEN<\/h3><p><strong>A. Kontaktformulare und Korrespondenz<\/strong><\/p><p>Die personenbezogenen Daten des Nutzers, die \u00fcber die auf der Website verf\u00fcgbaren Formulare und die verschiedenen \u00fcblichen Kommunikationsmittel \u00fcbermittelt werden, werden verarbeitet, um auf die Anfragen der betroffenen Person bez\u00fcglich Produkte und Dienstleistungen zu reagieren.<\/p><p>Die verarbeiteten Daten k\u00f6nnen sein: (i) Vorname und Nachname, (ii) Adresse, (iii) E-Mail-Adresse, (iv) Telefonnummer, (v) Staatsangeh\u00f6rigkeit, &#8230;<\/p><p>Der Verantwortliche speichert die Daten des Nutzers, bis der Zweck der Verarbeitung erf\u00fcllt ist oder nicht mehr erf\u00fcllt werden kann, vorbehaltlich der Rechte der betroffenen Person, die im Folgenden beschrieben werden.<\/p><p><strong>B. Newsletter<\/strong><\/p><p>Mit Zustimmung der betroffenen Person k\u00f6nnen ihre personenbezogenen Daten im Zusammenhang mit dem Newsletter der Website verwendet werden, um Werbung oder andere Werbebotschaften \u00fcber das Angebot von Waren und Dienstleistungen zu senden, die der Verantwortliche \u00fcber die Website anbietet.<\/p><p>Die verarbeiteten Daten k\u00f6nnen sein: (i) Vorname und Nachname, (ii) E-Mail-Adresse, &#8230;<\/p><p>Die betroffene Person kann ihre Einwilligung jederzeit widerrufen, und die Daten m\u00fcssen daraufhin vom Verantwortlichen gel\u00f6scht werden, basierend auf dieser spezifischen Anforderung zur Abmeldung vom Dienst.<\/p><p><strong>Um sich abzumelden, kann der Nutzer jederzeit den entsprechenden Link am Ende jeder \u00fcber den Newsletter erhaltenen E-Mail ausw\u00e4hlen.<\/strong><\/p><p>Der Verantwortliche speichert die personenbezogenen Daten des Nutzers, bis dieser seine Einwilligung wie oben beschrieben widerruft.<\/p><h3>COOKIES UND NAVIGATIONSDATEN<\/h3><p>Diese Website verwendet Cookies, um die Benutzerfreundlichkeit zu verbessern. Cookies sind kleine Textdateien, die auf unserer Website gespeichert werden und f\u00fcr sp\u00e4tere Besuche Informationen \u00fcber die Aktivit\u00e4ten des Nutzers auf einer bestimmten Webseite, die Profilierung des Nutzers, die Analyse des Website-Traffics und die Bereitstellung personalisierter Werbung oder Inhalte entsprechend den Vorlieben des Nutzers liefern.<\/p><p>Der Nutzer kann der Verwendung aller installierten Cookies durch den Button \u201eAlle akzeptieren\u201c zustimmen oder sie durch den Button \u201eAlle ablehnen\u201c ablehnen. Alternativ kann der Nutzer die Pr\u00e4ferenzen \u00fcber den Button \u201eAnpassen\u201c ausw\u00e4hlen oder das Popup verwenden, das \u00fcber das Symbol in der unteren linken Ecke jeder Seite der Website aktiviert werden kann.<\/p><h3>KATEGORIEN DER EMPF\u00c4NGER DER VERARBEITUNG<\/h3><p>Um die oben genannten Verarbeitungszwecke zu erreichen, kann der Verantwortliche die personenbezogenen Daten des Nutzers an bestimmte Kategorien von Verarbeitungs-Empf\u00e4ngern \u00fcbermitteln, die wie folgt aufgef\u00fchrt werden k\u00f6nnen:<\/p><ul><li>Gesch\u00e4ftspartner;<\/li><li>Juristische Einheiten, die mit der Beratung und Verwaltung der Website beauftragt sind;<\/li><li>Unternehmen, die Telekommunikationsdienste bereitstellen (einschlie\u00dflich E-Mail-Dienste);<\/li><li>Unternehmen, die Newsletter-Dienste bereitstellen;<\/li><li>Die zust\u00e4ndigen Beh\u00f6rden, denen die Daten aufgrund gesetzlicher und vertraglicher Verpflichtungen \u00fcbermittelt werden m\u00fcssen.<\/li><\/ul><h3>\u00dcBERMITTLUNG INS AUSLAND<\/h3><p>Grunds\u00e4tzlich werden die personenbezogenen Daten der betroffenen Person vom Verantwortlichen und seinen Beauftragten, sowie den oben genannten Empf\u00e4ngern der Verarbeitung verarbeitet.<\/p><p>Die Daten des Nutzers k\u00f6nnen jedoch ins Ausland \u00fcbermittelt werden, sofern dies im Hinblick auf den Zweck der Verarbeitung erforderlich ist. Vorher \u00fcberpr\u00fcft der Verantwortliche, ob im \u00dcbermittlungsland ein angemessenes Schutzniveau besteht (mit Bezug auf Anhang 1 der Verordnung zum Bundesgesetz \u00fcber den Datenschutz). Der Verantwortliche verpflichtet sich, den Inhalt des oben genannten Anhangs regelm\u00e4\u00dfig zu \u00fcberpr\u00fcfen.<\/p><h3>RECHTE DER BETROFFENEN PERSON<\/h3><p>Der betroffenen Person stehen die folgenden Rechte zu (nicht abschlie\u00dfend aufgez\u00e4hlt), die sie jederzeit schriftlich an die oben angegebenen Kontaktdaten des Verantwortlichen geltend machen kann:<\/p><ul><li>Sie k\u00f6nnen jederzeit und kostenlos \u00fcber die von uns verarbeiteten personenbezogenen Daten informiert werden und die bereitgestellten personenbezogenen Daten in einem lesbaren Format erhalten.<\/li><li>Falls wir unvollst\u00e4ndige oder unrichtige personenbezogene Daten verarbeiten, k\u00f6nnen Sie jederzeit deren Berichtigung verlangen und ggf. \u00fcber den Berichtigungsprozess informiert werden. Wenn dies keinen unverh\u00e4ltnism\u00e4\u00dfigen Aufwand darstellt, werden auch die Empf\u00e4nger \u00fcber die Berichtigung der personenbezogenen Daten informiert.<\/li><li>Sie haben das Recht, den Verantwortlichen aufzufordern, die verarbeiteten personenbezogenen Daten zu l\u00f6schen oder deren Verarbeitung auf das f\u00fcr den Zweck erforderliche Ma\u00df zu beschr\u00e4nken.<\/li><\/ul><p>Wir verpflichten uns, jede Anfrage der betroffenen Person unverz\u00fcglich zu beantworten, jedoch in jedem Fall innerhalb von 30 Tagen nach Eingang der f\u00fcr die Bearbeitung dieser Anfrage erforderlichen Unterlagen.<\/p><h3>G\u00dcLTIGE VERSION, \u00c4NDERUNGEN UND AKTUALISIERUNGEN<\/h3><p>Um sicherzustellen, dass unsere Datenschutzerkl\u00e4rung stets den geltenden gesetzlichen Vorschriften entspricht, behalten wir uns das Recht vor, jederzeit \u00c4nderungen vorzunehmen.<\/p><p>Letzte Aktualisierung: 11. September 2023.<\/p>\t\t\t\t\t\t\t\t<\/div>\n\t\t\t\t<\/div>\n\t\t\t\t\t<\/div>\n\t\t\t\t<\/div>\n\t\t\t\t<\/div>\n\t\t","protected":false},"excerpt":{"rendered":"<p>Datenschutzerkl\u00e4rung Diese Datenschutzerkl\u00e4rung (&#8222;Erkl\u00e4rung&#8220;) entspricht den Bestimmungen des Bundesgesetzes \u00fcber den Datenschutz (\u201eDSG\u201c). Diese Erkl\u00e4rung informiert transparent und angemessen \u00fcber die Verarbeitung der Nutzerdaten durch den Verantwortlichen (nachfolgend n\u00e4her definiert), der insbesondere \u00fcber unsere Website mit uns kommuniziert oder auf andere Weise mit uns interagiert. DEFINITIONEN: Betroffene Person: die nat\u00fcrliche Person, deren personenbezogene Daten verarbeitet &#8230; <a title=\"Privacy Policy\" class=\"read-more\" href=\"https:\/\/arxivar.ch\/de\/privacy-policy\/\" aria-label=\"Mehr Informationen \u00fcber Privacy Policy\">Weiterlesen<\/a><\/p>\n","protected":false},"author":1,"featured_media":0,"parent":0,"menu_order":0,"comment_status":"closed","ping_status":"open","template":"","meta":{"footnotes":""},"class_list":["post-29136","page","type-page","status-publish"],"yoast_head":"<!-- This site is optimized with the Yoast SEO plugin v27.4 - https:\/\/yoast.com\/product\/yoast-seo-wordpress\/ -->\n<title>Privacy Policy - ARXivar<\/title>\n<meta name=\"robots\" content=\"index, follow, max-snippet:-1, max-image-preview:large, max-video-preview:-1\" \/>\n<link rel=\"canonical\" href=\"https:\/\/arxivar.ch\/privacy-policy\/\" \/>\n<meta property=\"og:locale\" content=\"de_DE\" \/>\n<meta property=\"og:type\" content=\"article\" \/>\n<meta property=\"og:title\" content=\"Privacy Policy - ARXivar\" \/>\n<meta property=\"og:description\" content=\"Datenschutzerkl\u00e4rung Diese Datenschutzerkl\u00e4rung (&#8222;Erkl\u00e4rung&#8220;) entspricht den Bestimmungen des Bundesgesetzes \u00fcber den Datenschutz (\u201eDSG\u201c). Diese Erkl\u00e4rung informiert transparent und angemessen \u00fcber die Verarbeitung der Nutzerdaten durch den Verantwortlichen (nachfolgend n\u00e4her definiert), der insbesondere \u00fcber unsere Website mit uns kommuniziert oder auf andere Weise mit uns interagiert. DEFINITIONEN: Betroffene Person: die nat\u00fcrliche Person, deren personenbezogene Daten verarbeitet ... Weiterlesen\" \/>\n<meta property=\"og:url\" content=\"https:\/\/arxivar.ch\/privacy-policy\/\" \/>\n<meta property=\"og:site_name\" content=\"ARXivar\" \/>\n<meta property=\"article:modified_time\" content=\"2024-11-12T11:41:08+00:00\" \/>\n<meta name=\"twitter:card\" content=\"summary_large_image\" \/>\n<meta name=\"twitter:label1\" content=\"Gesch\u00e4tzte Lesezeit\" \/>\n\t<meta name=\"twitter:data1\" content=\"5\u00a0Minuten\" \/>\n<script type=\"application\/ld+json\" class=\"yoast-schema-graph\">{\"@context\":\"https:\\\/\\\/schema.org\",\"@graph\":[{\"@type\":\"WebPage\",\"@id\":\"https:\\\/\\\/arxivar.ch\\\/privacy-policy\\\/\",\"url\":\"https:\\\/\\\/arxivar.ch\\\/privacy-policy\\\/\",\"name\":\"Privacy Policy - ARXivar\",\"isPartOf\":{\"@id\":\"https:\\\/\\\/arxivar.ch\\\/#website\"},\"datePublished\":\"2024-10-21T10:05:56+00:00\",\"dateModified\":\"2024-11-12T11:41:08+00:00\",\"breadcrumb\":{\"@id\":\"https:\\\/\\\/arxivar.ch\\\/privacy-policy\\\/#breadcrumb\"},\"inLanguage\":\"de\",\"potentialAction\":[{\"@type\":\"ReadAction\",\"target\":[\"https:\\\/\\\/arxivar.ch\\\/privacy-policy\\\/\"]}]},{\"@type\":\"BreadcrumbList\",\"@id\":\"https:\\\/\\\/arxivar.ch\\\/privacy-policy\\\/#breadcrumb\",\"itemListElement\":[{\"@type\":\"ListItem\",\"position\":1,\"name\":\"Home\",\"item\":\"https:\\\/\\\/arxivar.ch\\\/\"},{\"@type\":\"ListItem\",\"position\":2,\"name\":\"Privacy Policy\"}]},{\"@type\":\"WebSite\",\"@id\":\"https:\\\/\\\/arxivar.ch\\\/#website\",\"url\":\"https:\\\/\\\/arxivar.ch\\\/\",\"name\":\"ARXivar\",\"description\":\"Software di gestione digitale dei processi\",\"publisher\":{\"@id\":\"https:\\\/\\\/arxivar.ch\\\/#organization\"},\"potentialAction\":[{\"@type\":\"SearchAction\",\"target\":{\"@type\":\"EntryPoint\",\"urlTemplate\":\"https:\\\/\\\/arxivar.ch\\\/?s={search_term_string}\"},\"query-input\":{\"@type\":\"PropertyValueSpecification\",\"valueRequired\":true,\"valueName\":\"search_term_string\"}}],\"inLanguage\":\"de\"},{\"@type\":\"Organization\",\"@id\":\"https:\\\/\\\/arxivar.ch\\\/#organization\",\"name\":\"ARXivar\",\"url\":\"https:\\\/\\\/arxivar.ch\\\/\",\"logo\":{\"@type\":\"ImageObject\",\"inLanguage\":\"de\",\"@id\":\"https:\\\/\\\/arxivar.ch\\\/#\\\/schema\\\/logo\\\/image\\\/\",\"url\":\"https:\\\/\\\/arxivar.ch\\\/wp-content\\\/uploads\\\/2026\\\/01\\\/CHC_ARXivar_logo_new.png\",\"contentUrl\":\"https:\\\/\\\/arxivar.ch\\\/wp-content\\\/uploads\\\/2026\\\/01\\\/CHC_ARXivar_logo_new.png\",\"width\":500,\"height\":104,\"caption\":\"ARXivar\"},\"image\":{\"@id\":\"https:\\\/\\\/arxivar.ch\\\/#\\\/schema\\\/logo\\\/image\\\/\"}}]}<\/script>\n<!-- \/ Yoast SEO plugin. -->","yoast_head_json":{"title":"Privacy Policy - ARXivar","robots":{"index":"index","follow":"follow","max-snippet":"max-snippet:-1","max-image-preview":"max-image-preview:large","max-video-preview":"max-video-preview:-1"},"canonical":"https:\/\/arxivar.ch\/privacy-policy\/","og_locale":"de_DE","og_type":"article","og_title":"Privacy Policy - ARXivar","og_description":"Datenschutzerkl\u00e4rung Diese Datenschutzerkl\u00e4rung (&#8222;Erkl\u00e4rung&#8220;) entspricht den Bestimmungen des Bundesgesetzes \u00fcber den Datenschutz (\u201eDSG\u201c). Diese Erkl\u00e4rung informiert transparent und angemessen \u00fcber die Verarbeitung der Nutzerdaten durch den Verantwortlichen (nachfolgend n\u00e4her definiert), der insbesondere \u00fcber unsere Website mit uns kommuniziert oder auf andere Weise mit uns interagiert. DEFINITIONEN: Betroffene Person: die nat\u00fcrliche Person, deren personenbezogene Daten verarbeitet ... Weiterlesen","og_url":"https:\/\/arxivar.ch\/privacy-policy\/","og_site_name":"ARXivar","article_modified_time":"2024-11-12T11:41:08+00:00","twitter_card":"summary_large_image","twitter_misc":{"Gesch\u00e4tzte Lesezeit":"5\u00a0Minuten"},"schema":{"@context":"https:\/\/schema.org","@graph":[{"@type":"WebPage","@id":"https:\/\/arxivar.ch\/privacy-policy\/","url":"https:\/\/arxivar.ch\/privacy-policy\/","name":"Privacy Policy - ARXivar","isPartOf":{"@id":"https:\/\/arxivar.ch\/#website"},"datePublished":"2024-10-21T10:05:56+00:00","dateModified":"2024-11-12T11:41:08+00:00","breadcrumb":{"@id":"https:\/\/arxivar.ch\/privacy-policy\/#breadcrumb"},"inLanguage":"de","potentialAction":[{"@type":"ReadAction","target":["https:\/\/arxivar.ch\/privacy-policy\/"]}]},{"@type":"BreadcrumbList","@id":"https:\/\/arxivar.ch\/privacy-policy\/#breadcrumb","itemListElement":[{"@type":"ListItem","position":1,"name":"Home","item":"https:\/\/arxivar.ch\/"},{"@type":"ListItem","position":2,"name":"Privacy Policy"}]},{"@type":"WebSite","@id":"https:\/\/arxivar.ch\/#website","url":"https:\/\/arxivar.ch\/","name":"ARXivar","description":"Software di gestione digitale dei processi","publisher":{"@id":"https:\/\/arxivar.ch\/#organization"},"potentialAction":[{"@type":"SearchAction","target":{"@type":"EntryPoint","urlTemplate":"https:\/\/arxivar.ch\/?s={search_term_string}"},"query-input":{"@type":"PropertyValueSpecification","valueRequired":true,"valueName":"search_term_string"}}],"inLanguage":"de"},{"@type":"Organization","@id":"https:\/\/arxivar.ch\/#organization","name":"ARXivar","url":"https:\/\/arxivar.ch\/","logo":{"@type":"ImageObject","inLanguage":"de","@id":"https:\/\/arxivar.ch\/#\/schema\/logo\/image\/","url":"https:\/\/arxivar.ch\/wp-content\/uploads\/2026\/01\/CHC_ARXivar_logo_new.png","contentUrl":"https:\/\/arxivar.ch\/wp-content\/uploads\/2026\/01\/CHC_ARXivar_logo_new.png","width":500,"height":104,"caption":"ARXivar"},"image":{"@id":"https:\/\/arxivar.ch\/#\/schema\/logo\/image\/"}}]}},"_links":{"self":[{"href":"https:\/\/arxivar.ch\/de\/wp-json\/wp\/v2\/pages\/29136","targetHints":{"allow":["GET"]}}],"collection":[{"href":"https:\/\/arxivar.ch\/de\/wp-json\/wp\/v2\/pages"}],"about":[{"href":"https:\/\/arxivar.ch\/de\/wp-json\/wp\/v2\/types\/page"}],"author":[{"embeddable":true,"href":"https:\/\/arxivar.ch\/de\/wp-json\/wp\/v2\/users\/1"}],"replies":[{"embeddable":true,"href":"https:\/\/arxivar.ch\/de\/wp-json\/wp\/v2\/comments?post=29136"}],"version-history":[{"count":4,"href":"https:\/\/arxivar.ch\/de\/wp-json\/wp\/v2\/pages\/29136\/revisions"}],"predecessor-version":[{"id":29141,"href":"https:\/\/arxivar.ch\/de\/wp-json\/wp\/v2\/pages\/29136\/revisions\/29141"}],"wp:attachment":[{"href":"https:\/\/arxivar.ch\/de\/wp-json\/wp\/v2\/media?parent=29136"}],"curies":[{"name":"wp","href":"https:\/\/api.w.org\/{rel}","templated":true}]}}