{"id":31044,"date":"2025-09-17T10:48:17","date_gmt":"2025-09-17T08:48:17","guid":{"rendered":"https:\/\/arxivar.ch\/?page_id=31044"},"modified":"2025-09-17T11:54:32","modified_gmt":"2025-09-17T09:54:32","slug":"blog","status":"publish","type":"page","link":"https:\/\/arxivar.ch\/de\/blog\/","title":{"rendered":"Blog"},"content":{"rendered":"\t\t<div data-elementor-type=\"wp-page\" data-elementor-id=\"31044\" class=\"elementor elementor-31044\">\n\t\t\t\t<div class=\"elementor-element elementor-element-0dd430b e-flex e-con-boxed e-con e-parent\" data-id=\"0dd430b\" data-element_type=\"container\">\n\t\t\t\t\t<div class=\"e-con-inner\">\n\t\t\t\t<div class=\"elementor-element elementor-element-a640c59 elementor-widget elementor-widget-heading\" data-id=\"a640c59\" data-element_type=\"widget\" data-widget_type=\"heading.default\">\n\t\t\t\t<div class=\"elementor-widget-container\">\n\t\t\t\t\t<h1 class=\"elementor-heading-title elementor-size-default\"><span style=\"color: #000!important\">Blog<\/span><\/h1>\t\t\t\t<\/div>\n\t\t\t\t<\/div>\n\t\t\t\t<div class=\"elementor-element elementor-element-6f831d6 elementor-grid-eael-col-3 elementor-grid-tablet-eael-col-2 elementor-grid-mobile-eael-col-1 elementor-widget elementor-widget-eael-post-grid\" data-id=\"6f831d6\" data-element_type=\"widget\" data-settings=\"{&quot;eael_post_grid_columns&quot;:&quot;eael-col-3&quot;,&quot;eael_post_grid_columns_tablet&quot;:&quot;eael-col-2&quot;,&quot;eael_post_grid_columns_mobile&quot;:&quot;eael-col-1&quot;}\" data-widget_type=\"eael-post-grid.default\">\n\t\t\t\t<div class=\"elementor-widget-container\">\n\t\t\t\t\t<div id=\"eael-post-grid-6f831d6\" class=\"eael-post-grid-container\">\n            <div class=\"eael-post-grid eael-post-appender eael-post-appender-6f831d6 eael-post-grid-style-one\" data-layout-mode=\"masonry\"><article class=\"eael-grid-post  eael-post-grid-column eael-pg-post-31072 category-unkategorisiert\" data-id=\"31072\">\n        <div class=\"eael-grid-post-holder\">\n            <div class=\"eael-grid-post-holder-inner\"><div class=\"eael-entry-media\"><div class=\"eael-entry-overlay fade-in\"><i class=\"fas fa-long-arrow-alt-right\" aria-hidden=\"true\"><\/i><a href=\"https:\/\/arxivar.ch\/de\/digitale-souveraenitaet-strategische-autonomie-arxivar-chc\/\"><\/a><\/div><div class=\"eael-entry-thumbnail \">\n                <img decoding=\"async\" width=\"300\" height=\"149\" src=\"https:\/\/arxivar.ch\/wp-content\/uploads\/2024\/10\/firma-elettronica-300x149.png\" class=\"attachment-medium size-medium wp-image-29037\" alt=\"\" srcset=\"https:\/\/arxivar.ch\/wp-content\/uploads\/2024\/10\/firma-elettronica-300x149.png 300w, https:\/\/arxivar.ch\/wp-content\/uploads\/2024\/10\/firma-elettronica.png 600w\" sizes=\"(max-width: 300px) 100vw, 300px\" \/>\n            <\/div>\n        <\/div><div class=\"eael-entry-wrapper\"><header class=\"eael-entry-header\"><h2 class=\"eael-entry-title\"><a class=\"eael-grid-post-link\" href=\"https:\/\/arxivar.ch\/de\/digitale-souveraenitaet-strategische-autonomie-arxivar-chc\/\" title=\"Digitale Souver\u00e4nit\u00e4t und strategische Autonomie: Die Rolle europ\u00e4ischer Software im Spannungsfeld zwischen Sicherheit und Innovation\">Digitale Souver\u00e4nit\u00e4t und strategische Autonomie: Die Rolle europ\u00e4ischer Software im Spannungsfeld zwischen Sicherheit und Innovation<\/a><\/h2><\/header><div class=\"eael-entry-content\">\n                        <div class=\"eael-grid-post-excerpt\"><p>Hier sind die wichtigsten Gr\u00fcnde, warum sie als essenziell gilt:...<\/p><a href=\"https:\/\/arxivar.ch\/de\/digitale-souveraenitaet-strategische-autonomie-arxivar-chc\/\" class=\"eael-post-elements-readmore-btn\">Mehr lesen<\/a><\/div>\n                    <\/div><\/div><\/div>\n        <\/div>\n    <\/article><article class=\"eael-grid-post  eael-post-grid-column eael-pg-post-31042 category-unkategorisiert\" data-id=\"31042\">\n        <div class=\"eael-grid-post-holder\">\n            <div class=\"eael-grid-post-holder-inner\"><div class=\"eael-entry-media\"><div class=\"eael-entry-overlay fade-in\"><i class=\"fas fa-long-arrow-alt-right\" aria-hidden=\"true\"><\/i><a href=\"https:\/\/arxivar.ch\/de\/arxivar-next-kommt-offiziell-auf-den-schweizer-markt\/\"><\/a><\/div><div class=\"eael-entry-thumbnail \">\n                <img fetchpriority=\"high\" decoding=\"async\" width=\"300\" height=\"272\" src=\"https:\/\/arxivar.ch\/wp-content\/uploads\/2025\/09\/IMG-20250915-WA0003-e1758104433634-300x272.jpg\" class=\"attachment-medium size-medium wp-image-31040\" alt=\"\" srcset=\"https:\/\/arxivar.ch\/wp-content\/uploads\/2025\/09\/IMG-20250915-WA0003-e1758104433634-300x272.jpg 300w, https:\/\/arxivar.ch\/wp-content\/uploads\/2025\/09\/IMG-20250915-WA0003-e1758104433634-1024x928.jpg 1024w, https:\/\/arxivar.ch\/wp-content\/uploads\/2025\/09\/IMG-20250915-WA0003-e1758104433634-768x696.jpg 768w, https:\/\/arxivar.ch\/wp-content\/uploads\/2025\/09\/IMG-20250915-WA0003-e1758104433634.jpg 1152w\" sizes=\"(max-width: 300px) 100vw, 300px\" \/>\n            <\/div>\n        <\/div><div class=\"eael-entry-wrapper\"><header class=\"eael-entry-header\"><h2 class=\"eael-entry-title\"><a class=\"eael-grid-post-link\" href=\"https:\/\/arxivar.ch\/de\/arxivar-next-kommt-offiziell-auf-den-schweizer-markt\/\" title=\"Arxivar Next kommt offiziell auf den Schweizer Markt\">Arxivar Next kommt offiziell auf den Schweizer Markt<\/a><\/h2><\/header><div class=\"eael-entry-content\">\n                        <div class=\"eael-grid-post-excerpt\"><p>CHC Business Solutions wird Master Reseller der Plattform und er\u00f6ffnet...<\/p><a href=\"https:\/\/arxivar.ch\/de\/arxivar-next-kommt-offiziell-auf-den-schweizer-markt\/\" class=\"eael-post-elements-readmore-btn\">Mehr lesen<\/a><\/div>\n                    <\/div><\/div><\/div>\n        <\/div>\n    <\/article><article class=\"eael-grid-post  eael-post-grid-column eael-pg-post-31020 category-unkategorisiert\" data-id=\"31020\">\n        <div class=\"eael-grid-post-holder\">\n            <div class=\"eael-grid-post-holder-inner\"><div class=\"eael-entry-media\"><div class=\"eael-entry-overlay fade-in\"><i class=\"fas fa-long-arrow-alt-right\" aria-hidden=\"true\"><\/i><a href=\"https:\/\/arxivar.ch\/de\/refal-digitalisiert-prozesse-mit-arxivar-next-die-verwaltungssoftware-fuer-alters-und-pflegeheime\/\"><\/a><\/div><div class=\"eael-entry-thumbnail \">\n                <img decoding=\"async\" width=\"300\" height=\"200\" src=\"https:\/\/arxivar.ch\/wp-content\/uploads\/2025\/06\/REFAL-digitalizza-i-processi-con-CHC-300x200.jpg\" class=\"attachment-medium size-medium wp-image-31021\" alt=\"\" srcset=\"https:\/\/arxivar.ch\/wp-content\/uploads\/2025\/06\/REFAL-digitalizza-i-processi-con-CHC-300x200.jpg 300w, https:\/\/arxivar.ch\/wp-content\/uploads\/2025\/06\/REFAL-digitalizza-i-processi-con-CHC-1024x683.jpg 1024w, https:\/\/arxivar.ch\/wp-content\/uploads\/2025\/06\/REFAL-digitalizza-i-processi-con-CHC-768x512.jpg 768w, https:\/\/arxivar.ch\/wp-content\/uploads\/2025\/06\/REFAL-digitalizza-i-processi-con-CHC.jpg 1200w\" sizes=\"(max-width: 300px) 100vw, 300px\" \/>\n            <\/div>\n        <\/div><div class=\"eael-entry-wrapper\"><header class=\"eael-entry-header\"><h2 class=\"eael-entry-title\"><a class=\"eael-grid-post-link\" href=\"https:\/\/arxivar.ch\/de\/refal-digitalisiert-prozesse-mit-arxivar-next-die-verwaltungssoftware-fuer-alters-und-pflegeheime\/\" title=\"REFAL digitalisiert Prozesse mit ARXivar NEXT: Die Verwaltungssoftware f\u00fcr Alters- und Pflegeheime\">REFAL digitalisiert Prozesse mit ARXivar NEXT: Die Verwaltungssoftware f\u00fcr Alters- und Pflegeheime<\/a><\/h2><\/header><div class=\"eael-entry-content\">\n                        <div class=\"eael-grid-post-excerpt\"><p>Die Ausgangslage REFAL, entstanden aus dem Zusammenschluss von C\u00e0 Rezzonico...<\/p><a href=\"https:\/\/arxivar.ch\/de\/refal-digitalisiert-prozesse-mit-arxivar-next-die-verwaltungssoftware-fuer-alters-und-pflegeheime\/\" class=\"eael-post-elements-readmore-btn\">Mehr lesen<\/a><\/div>\n                    <\/div><\/div><\/div>\n        <\/div>\n    <\/article><article class=\"eael-grid-post  eael-post-grid-column eael-pg-post-31009 category-unkategorisiert\" data-id=\"31009\">\n        <div class=\"eael-grid-post-holder\">\n            <div class=\"eael-grid-post-holder-inner\"><div class=\"eael-entry-media\"><div class=\"eael-entry-overlay fade-in\"><i class=\"fas fa-long-arrow-alt-right\" aria-hidden=\"true\"><\/i><a href=\"https:\/\/arxivar.ch\/de\/digitalisierung-des-personalmanagements-fuer-pflegeeinrichtungen\/\"><\/a><\/div><div class=\"eael-entry-thumbnail \">\n                <img loading=\"lazy\" decoding=\"async\" width=\"300\" height=\"200\" src=\"https:\/\/arxivar.ch\/wp-content\/uploads\/2025\/06\/soluzione-di-successo-lis-lugano-arxivar-next-300x200.jpg\" class=\"attachment-medium size-medium wp-image-31010\" alt=\"\" srcset=\"https:\/\/arxivar.ch\/wp-content\/uploads\/2025\/06\/soluzione-di-successo-lis-lugano-arxivar-next-300x200.jpg 300w, https:\/\/arxivar.ch\/wp-content\/uploads\/2025\/06\/soluzione-di-successo-lis-lugano-arxivar-next-1024x683.jpg 1024w, https:\/\/arxivar.ch\/wp-content\/uploads\/2025\/06\/soluzione-di-successo-lis-lugano-arxivar-next-768x512.jpg 768w, https:\/\/arxivar.ch\/wp-content\/uploads\/2025\/06\/soluzione-di-successo-lis-lugano-arxivar-next.jpg 1200w\" sizes=\"(max-width: 300px) 100vw, 300px\" \/>\n            <\/div>\n        <\/div><div class=\"eael-entry-wrapper\"><header class=\"eael-entry-header\"><h2 class=\"eael-entry-title\"><a class=\"eael-grid-post-link\" href=\"https:\/\/arxivar.ch\/de\/digitalisierung-des-personalmanagements-fuer-pflegeeinrichtungen\/\" title=\"Digitalisierung des Personalmanagements f\u00fcr Pflegeeinrichtungen\">Digitalisierung des Personalmanagements f\u00fcr Pflegeeinrichtungen<\/a><\/h2><\/header><div class=\"eael-entry-content\">\n                        <div class=\"eael-grid-post-excerpt\"><p>Die Ausgangslage Die zentrale Herausforderung bestand in der Digitalisierung des...<\/p><a href=\"https:\/\/arxivar.ch\/de\/digitalisierung-des-personalmanagements-fuer-pflegeeinrichtungen\/\" class=\"eael-post-elements-readmore-btn\">Mehr lesen<\/a><\/div>\n                    <\/div><\/div><\/div>\n        <\/div>\n    <\/article><\/div>\n            <div class=\"clearfix\"><\/div>\n        <\/div>            <div class=\"eael-load-more-button-wrap eael-force-hide\">\n                <button class=\"eael-load-more-button\" id=\"eael-load-more-btn-6f831d6\" data-widget-id=\"6f831d6\" data-widget=\"6f831d6\" data-page-id=\"31044\" data-template=\"{&quot;dir&quot;:&quot;lite&quot;,&quot;file_name&quot;:&quot;one.php&quot;,&quot;name&quot;:&quot;Post-Grid&quot;}\" data-class=\"Essential_Addons_Elementor\\Elements\\Post_Grid\" data-layout=\"masonry\" data-page=\"1\" data-args=\"orderby=date&amp;order=desc&amp;ignore_sticky_posts=1&amp;post_status=publish&amp;posts_per_page=4&amp;offset=0&amp;post_type=post\" data-max-page=\"2\">\n                    <span class=\"eael-btn-loader button__loader\"><\/span>\n                    <span class=\"eael_load_more_text\">Load More<\/span>\n                <\/button>\n            <\/div>\n            \t\t\t\t<\/div>\n\t\t\t\t<\/div>\n\t\t\t\t\t<\/div>\n\t\t\t\t<\/div>\n\t\t\t\t<\/div>\n\t\t","protected":false},"excerpt":{"rendered":"<p>Blog Arxivar Next kommt offiziell auf den Schweizer Markt CHC Business Solutions wird Master Reseller der Plattform und er\u00f6ffnet&#8230; Mehr lesen REFAL digitalisiert Prozesse mit ARXivar NEXT: Die Verwaltungssoftware f\u00fcr Alters- und Pflegeheime Die Ausgangslage REFAL, entstanden aus dem Zusammenschluss von C\u00e0 Rezzonico&#8230; Mehr lesen Digitalisierung des Personalmanagements f\u00fcr Pflegeeinrichtungen Die Ausgangslage Die zentrale Herausforderung &#8230; <a title=\"Digitalisierung des Personalmanagements f\u00fcr Pflegeeinrichtungen\" class=\"read-more\" href=\"https:\/\/arxivar.ch\/de\/digitalisierung-des-personalmanagements-fuer-pflegeeinrichtungen\/\" aria-label=\"Mehr Informationen \u00fcber Digitalisierung des Personalmanagements f\u00fcr Pflegeeinrichtungen\">Weiterlesen<\/a><\/p>\n","protected":false},"author":1,"featured_media":0,"parent":0,"menu_order":0,"comment_status":"closed","ping_status":"closed","template":"","meta":{"footnotes":""},"class_list":["post-31044","page","type-page","status-publish","hentry"],"yoast_head":"<!-- This site is optimized with the Yoast SEO plugin v27.1.1 - https:\/\/yoast.com\/product\/yoast-seo-wordpress\/ -->\n<title>Blog - ARXivar<\/title>\n<meta name=\"robots\" content=\"index, follow, max-snippet:-1, max-image-preview:large, max-video-preview:-1\" \/>\n<link rel=\"canonical\" href=\"https:\/\/arxivar.ch\/de\/blog\/\" \/>\n<meta property=\"og:locale\" content=\"de_DE\" \/>\n<meta property=\"og:type\" content=\"article\" \/>\n<meta property=\"og:title\" content=\"Blog - ARXivar\" \/>\n<meta property=\"og:description\" content=\"Blog Arxivar Next kommt offiziell auf den Schweizer Markt CHC Business Solutions wird Master Reseller der Plattform und er\u00f6ffnet&#8230; Mehr lesen REFAL digitalisiert Prozesse mit ARXivar NEXT: Die Verwaltungssoftware f\u00fcr Alters- und Pflegeheime Die Ausgangslage REFAL, entstanden aus dem Zusammenschluss von C\u00e0 Rezzonico&#8230; Mehr lesen Digitalisierung des Personalmanagements f\u00fcr Pflegeeinrichtungen Die Ausgangslage Die zentrale Herausforderung ... Weiterlesen\" \/>\n<meta property=\"og:url\" content=\"https:\/\/arxivar.ch\/de\/blog\/\" \/>\n<meta property=\"og:site_name\" content=\"ARXivar\" \/>\n<meta property=\"article:modified_time\" content=\"2025-09-17T09:54:32+00:00\" \/>\n<meta property=\"og:image\" content=\"https:\/\/arxivar.ch\/wp-content\/uploads\/2025\/06\/REFAL-digitalizza-i-processi-con-CHC.jpg\" \/>\n\t<meta property=\"og:image:width\" content=\"1200\" \/>\n\t<meta property=\"og:image:height\" content=\"800\" \/>\n\t<meta property=\"og:image:type\" content=\"image\/jpeg\" \/>\n<meta name=\"twitter:card\" content=\"summary_large_image\" \/>\n<meta name=\"twitter:label1\" content=\"Gesch\u00e4tzte Lesezeit\" \/>\n\t<meta name=\"twitter:data1\" content=\"2\u00a0Minuten\" \/>\n<script type=\"application\/ld+json\" class=\"yoast-schema-graph\">{\"@context\":\"https:\/\/schema.org\",\"@graph\":[{\"@type\":\"WebPage\",\"@id\":\"https:\/\/arxivar.ch\/de\/blog\/\",\"url\":\"https:\/\/arxivar.ch\/de\/blog\/\",\"name\":\"Blog - ARXivar\",\"isPartOf\":{\"@id\":\"https:\/\/arxivar.ch\/#website\"},\"primaryImageOfPage\":{\"@id\":\"https:\/\/arxivar.ch\/de\/blog\/#primaryimage\"},\"image\":{\"@id\":\"https:\/\/arxivar.ch\/de\/blog\/#primaryimage\"},\"thumbnailUrl\":\"https:\/\/arxivar.ch\/wp-content\/uploads\/2025\/06\/REFAL-digitalizza-i-processi-con-CHC-300x200.jpg\",\"datePublished\":\"2025-09-17T08:48:17+00:00\",\"dateModified\":\"2025-09-17T09:54:32+00:00\",\"breadcrumb\":{\"@id\":\"https:\/\/arxivar.ch\/de\/blog\/#breadcrumb\"},\"inLanguage\":\"de\",\"potentialAction\":[{\"@type\":\"ReadAction\",\"target\":[\"https:\/\/arxivar.ch\/de\/blog\/\"]}]},{\"@type\":\"ImageObject\",\"inLanguage\":\"de\",\"@id\":\"https:\/\/arxivar.ch\/de\/blog\/#primaryimage\",\"url\":\"https:\/\/arxivar.ch\/wp-content\/uploads\/2025\/06\/REFAL-digitalizza-i-processi-con-CHC-300x200.jpg\",\"contentUrl\":\"https:\/\/arxivar.ch\/wp-content\/uploads\/2025\/06\/REFAL-digitalizza-i-processi-con-CHC-300x200.jpg\"},{\"@type\":\"BreadcrumbList\",\"@id\":\"https:\/\/arxivar.ch\/de\/blog\/#breadcrumb\",\"itemListElement\":[{\"@type\":\"ListItem\",\"position\":1,\"name\":\"Home\",\"item\":\"https:\/\/arxivar.ch\/\"},{\"@type\":\"ListItem\",\"position\":2,\"name\":\"Blog\"}]},{\"@type\":\"WebSite\",\"@id\":\"https:\/\/arxivar.ch\/#website\",\"url\":\"https:\/\/arxivar.ch\/\",\"name\":\"ARXivar\",\"description\":\"Software di gestione digitale dei processi\",\"publisher\":{\"@id\":\"https:\/\/arxivar.ch\/#organization\"},\"potentialAction\":[{\"@type\":\"SearchAction\",\"target\":{\"@type\":\"EntryPoint\",\"urlTemplate\":\"https:\/\/arxivar.ch\/?s={search_term_string}\"},\"query-input\":{\"@type\":\"PropertyValueSpecification\",\"valueRequired\":true,\"valueName\":\"search_term_string\"}}],\"inLanguage\":\"de\"},{\"@type\":\"Organization\",\"@id\":\"https:\/\/arxivar.ch\/#organization\",\"name\":\"ARXivar\",\"url\":\"https:\/\/arxivar.ch\/\",\"logo\":{\"@type\":\"ImageObject\",\"inLanguage\":\"de\",\"@id\":\"https:\/\/arxivar.ch\/#\/schema\/logo\/image\/\",\"url\":\"https:\/\/arxivar.ch\/wp-content\/uploads\/2026\/01\/CHC_ARXivar_logo_new.png\",\"contentUrl\":\"https:\/\/arxivar.ch\/wp-content\/uploads\/2026\/01\/CHC_ARXivar_logo_new.png\",\"width\":500,\"height\":104,\"caption\":\"ARXivar\"},\"image\":{\"@id\":\"https:\/\/arxivar.ch\/#\/schema\/logo\/image\/\"}}]}<\/script>\n<!-- \/ Yoast SEO plugin. -->","yoast_head_json":{"title":"Blog - ARXivar","robots":{"index":"index","follow":"follow","max-snippet":"max-snippet:-1","max-image-preview":"max-image-preview:large","max-video-preview":"max-video-preview:-1"},"canonical":"https:\/\/arxivar.ch\/de\/blog\/","og_locale":"de_DE","og_type":"article","og_title":"Blog - ARXivar","og_description":"Blog Arxivar Next kommt offiziell auf den Schweizer Markt CHC Business Solutions wird Master Reseller der Plattform und er\u00f6ffnet&#8230; Mehr lesen REFAL digitalisiert Prozesse mit ARXivar NEXT: Die Verwaltungssoftware f\u00fcr Alters- und Pflegeheime Die Ausgangslage REFAL, entstanden aus dem Zusammenschluss von C\u00e0 Rezzonico&#8230; Mehr lesen Digitalisierung des Personalmanagements f\u00fcr Pflegeeinrichtungen Die Ausgangslage Die zentrale Herausforderung ... Weiterlesen","og_url":"https:\/\/arxivar.ch\/de\/blog\/","og_site_name":"ARXivar","article_modified_time":"2025-09-17T09:54:32+00:00","og_image":[{"width":1200,"height":800,"url":"https:\/\/arxivar.ch\/wp-content\/uploads\/2025\/06\/REFAL-digitalizza-i-processi-con-CHC.jpg","type":"image\/jpeg"}],"twitter_card":"summary_large_image","twitter_misc":{"Gesch\u00e4tzte Lesezeit":"2\u00a0Minuten"},"schema":{"@context":"https:\/\/schema.org","@graph":[{"@type":"WebPage","@id":"https:\/\/arxivar.ch\/de\/blog\/","url":"https:\/\/arxivar.ch\/de\/blog\/","name":"Blog - ARXivar","isPartOf":{"@id":"https:\/\/arxivar.ch\/#website"},"primaryImageOfPage":{"@id":"https:\/\/arxivar.ch\/de\/blog\/#primaryimage"},"image":{"@id":"https:\/\/arxivar.ch\/de\/blog\/#primaryimage"},"thumbnailUrl":"https:\/\/arxivar.ch\/wp-content\/uploads\/2025\/06\/REFAL-digitalizza-i-processi-con-CHC-300x200.jpg","datePublished":"2025-09-17T08:48:17+00:00","dateModified":"2025-09-17T09:54:32+00:00","breadcrumb":{"@id":"https:\/\/arxivar.ch\/de\/blog\/#breadcrumb"},"inLanguage":"de","potentialAction":[{"@type":"ReadAction","target":["https:\/\/arxivar.ch\/de\/blog\/"]}]},{"@type":"ImageObject","inLanguage":"de","@id":"https:\/\/arxivar.ch\/de\/blog\/#primaryimage","url":"https:\/\/arxivar.ch\/wp-content\/uploads\/2025\/06\/REFAL-digitalizza-i-processi-con-CHC-300x200.jpg","contentUrl":"https:\/\/arxivar.ch\/wp-content\/uploads\/2025\/06\/REFAL-digitalizza-i-processi-con-CHC-300x200.jpg"},{"@type":"BreadcrumbList","@id":"https:\/\/arxivar.ch\/de\/blog\/#breadcrumb","itemListElement":[{"@type":"ListItem","position":1,"name":"Home","item":"https:\/\/arxivar.ch\/"},{"@type":"ListItem","position":2,"name":"Blog"}]},{"@type":"WebSite","@id":"https:\/\/arxivar.ch\/#website","url":"https:\/\/arxivar.ch\/","name":"ARXivar","description":"Software di gestione digitale dei processi","publisher":{"@id":"https:\/\/arxivar.ch\/#organization"},"potentialAction":[{"@type":"SearchAction","target":{"@type":"EntryPoint","urlTemplate":"https:\/\/arxivar.ch\/?s={search_term_string}"},"query-input":{"@type":"PropertyValueSpecification","valueRequired":true,"valueName":"search_term_string"}}],"inLanguage":"de"},{"@type":"Organization","@id":"https:\/\/arxivar.ch\/#organization","name":"ARXivar","url":"https:\/\/arxivar.ch\/","logo":{"@type":"ImageObject","inLanguage":"de","@id":"https:\/\/arxivar.ch\/#\/schema\/logo\/image\/","url":"https:\/\/arxivar.ch\/wp-content\/uploads\/2026\/01\/CHC_ARXivar_logo_new.png","contentUrl":"https:\/\/arxivar.ch\/wp-content\/uploads\/2026\/01\/CHC_ARXivar_logo_new.png","width":500,"height":104,"caption":"ARXivar"},"image":{"@id":"https:\/\/arxivar.ch\/#\/schema\/logo\/image\/"}}]}},"_links":{"self":[{"href":"https:\/\/arxivar.ch\/de\/wp-json\/wp\/v2\/pages\/31044","targetHints":{"allow":["GET"]}}],"collection":[{"href":"https:\/\/arxivar.ch\/de\/wp-json\/wp\/v2\/pages"}],"about":[{"href":"https:\/\/arxivar.ch\/de\/wp-json\/wp\/v2\/types\/page"}],"author":[{"embeddable":true,"href":"https:\/\/arxivar.ch\/de\/wp-json\/wp\/v2\/users\/1"}],"replies":[{"embeddable":true,"href":"https:\/\/arxivar.ch\/de\/wp-json\/wp\/v2\/comments?post=31044"}],"version-history":[{"count":7,"href":"https:\/\/arxivar.ch\/de\/wp-json\/wp\/v2\/pages\/31044\/revisions"}],"predecessor-version":[{"id":31051,"href":"https:\/\/arxivar.ch\/de\/wp-json\/wp\/v2\/pages\/31044\/revisions\/31051"}],"wp:attachment":[{"href":"https:\/\/arxivar.ch\/de\/wp-json\/wp\/v2\/media?parent=31044"}],"curies":[{"name":"wp","href":"https:\/\/api.w.org\/{rel}","templated":true}]}}