{"id":29086,"date":"2024-10-21T12:05:56","date_gmt":"2024-10-21T10:05:56","guid":{"rendered":"https:\/\/arxivar.ch\/privacy-policy\/"},"modified":"2024-11-11T16:30:52","modified_gmt":"2024-11-11T15:30:52","slug":"privacy-policy","status":"publish","type":"page","link":"https:\/\/arxivar.ch\/fr\/privacy-policy\/","title":{"rendered":"Privacy Policy"},"content":{"rendered":"\t\t<div data-elementor-type=\"wp-page\" data-elementor-id=\"29086\" class=\"elementor elementor-29086 elementor-3\">\n\t\t\t\t<div class=\"elementor-element elementor-element-53878fd1 e-flex e-con-boxed e-con e-parent\" data-id=\"53878fd1\" data-element_type=\"container\" data-e-type=\"container\">\n\t\t\t\t\t<div class=\"e-con-inner\">\n\t\t\t\t<div class=\"elementor-element elementor-element-47867366 elementor-widget elementor-widget-text-editor\" data-id=\"47867366\" data-element_type=\"widget\" data-e-type=\"widget\" data-widget_type=\"text-editor.default\">\n\t\t\t\t<div class=\"elementor-widget-container\">\n\t\t\t\t\t\t\t\t\t<h1 style=\"color: #000!important;\">Politique de confidentialit\u00e9<\/h1>\n<p>La pr\u00e9sente politique de traitement des donn\u00e9es personnelles (\u00ab\u00a0Politique\u00a0\u00bb) est conforme aux dispositions de la Loi F\u00e9d\u00e9rale sur la Protection des Donn\u00e9es (\u00abLPD\u00bb). Cette Politique fournit de mani\u00e8re appropri\u00e9e et transparente les informations sur le traitement des donn\u00e9es des utilisateurs effectu\u00e9 par le Responsable du traitement (d\u00e9fini plus loin), notamment pour ceux qui communiquent avec nous ou interagissent avec nous par le biais de notre site web.<\/p>\n<h3>D\u00c9FINITIONS :<\/h3>\n<p>Personne concern\u00e9e : la personne physique dont les donn\u00e9es personnelles font l&rsquo;objet d&rsquo;un traitement;<\/p>\n<p>Donn\u00e9es personnelles : toutes les informations concernant une personne physique identifi\u00e9e ou identifiable;<\/p>\n<p>Donn\u00e9es personnelles dignes d&rsquo;une protection particuli\u00e8re : (i) les donn\u00e9es concernant les opinions ou activit\u00e9s religieuses, philosophiques, politiques ou syndicales; (ii) les donn\u00e9es concernant la sant\u00e9, la vie intime ou l&rsquo;appartenance \u00e0 une race ou une ethnie, (iii) les donn\u00e9es g\u00e9n\u00e9tiques, (iv) les donn\u00e9es biom\u00e9triques identifiant de mani\u00e8re unique une personne physique, (v) les donn\u00e9es concernant les poursuites et sanctions administratives et p\u00e9nales, (vi) les donn\u00e9es concernant les mesures d&rsquo;aide sociale.<\/p>\n<p>Traitement : toute op\u00e9ration relative aux donn\u00e9es personnelles, quels que soient les moyens et les proc\u00e9dures utilis\u00e9s, notamment la collecte, l&rsquo;enregistrement, la conservation, l&rsquo;utilisation, la modification, la communication, l&rsquo;archivage, la suppression ou le fait de les rendre accessibles;<\/p>\n<p>Communication : la transmission de donn\u00e9es personnelles ou le fait de les rendre accessibles;<\/p>\n<p>Responsable du traitement : la personne physique ou morale qui, seule ou conjointement avec d&rsquo;autres, d\u00e9termine les finalit\u00e9s et les moyens du traitement;<\/p>\n<p>Sous-traitant : la personne physique ou morale qui traite des donn\u00e9es personnelles pour le compte du Responsable du traitement.<\/p>\n<h3>RESPONSABLE DU TRAITEMENT :<\/h3>\n<p>L&rsquo;entit\u00e9 qui effectue le traitement des donn\u00e9es personnelles des utilisateurs est CHC business solutions SA, soci\u00e9t\u00e9 de droit suisse (CHE-109.868.376), situ\u00e9e au Via Luciano Zuccoli 19, CH-6900 Paradiso TI.<br \/><br \/>Le Responsable du traitement poss\u00e8de le site www.chcbs.ch<br \/><br \/>Les coordonn\u00e9es du Responsable du traitement sont les suivantes :<br \/>T.\u00a0<a href=\"tel:0041916119090\">0041 (0)91 611 90 90<\/a><br \/><a href=\"mailto:info@chcbs.ch\">info@chcbs.ch<\/a><\/p>\n<h3>S\u00c9CURIT\u00c9 DES DONN\u00c9ES PERSONNELLES<\/h3>\n<p>Le Responsable du traitement s&rsquo;engage \u00e0 adopter des mesures de s\u00e9curit\u00e9 techniques et organisationnelles appropri\u00e9es conform\u00e9ment aux obligations l\u00e9gales et contractuelles pour prot\u00e9ger les donn\u00e9es personnelles de la Personne concern\u00e9e.<\/p>\n<p>En tant que Responsable du traitement, nous nous engageons \u00e0 surveiller r\u00e9guli\u00e8rement les mesures de s\u00e9curit\u00e9 en place afin de les maintenir \u00e0 jour face \u00e0 l&rsquo;\u00e9volution du temps et de la technologie.<\/p>\n<p>La transmission d&rsquo;informations via un r\u00e9seau ouvert tel qu&rsquo;Internet ou d&rsquo;autres moyens de communication \u00e9lectroniques comporte toutefois des risques de s\u00e9curit\u00e9, et il n&rsquo;est donc pas possible de garantir de mani\u00e8re absolue la s\u00e9curit\u00e9 des informations transmises de cette mani\u00e8re; en d&rsquo;autres termes, il n&rsquo;est pas possible d&rsquo;assurer un \u00ab\u00a0risque z\u00e9ro\u00a0\u00bb.<\/p>\n<h3>FINALIT\u00c9 DU TRAITEMENT ET CAT\u00c9GORIES DE DONN\u00c9ES PERSONNELLES<\/h3>\n<p><strong>A. Formulaires de contact et correspondance<\/strong><\/p>\n<p>Les donn\u00e9es personnelles de l&rsquo;utilisateur, fournies via les formulaires figurant sur le site et par divers moyens de communication, sont trait\u00e9es dans le but de r\u00e9pondre aux demandes d&rsquo;information de la Personne concern\u00e9e relatives aux produits et services.<\/p>\n<p>Les donn\u00e9es trait\u00e9es peuvent inclure : (i) nom et pr\u00e9nom, (ii) adresse, (iii) adresse e-mail, (iv) num\u00e9ro de t\u00e9l\u00e9phone, (v) nationalit\u00e9, &#8230;<\/p>\n<p>Le Responsable du traitement conserve les donn\u00e9es de l&rsquo;utilisateur jusqu&rsquo;\u00e0 ce que l&rsquo;objectif du traitement soit atteint ou ne puisse plus l&rsquo;\u00eatre, sous r\u00e9serve des droits de la Personne concern\u00e9e d\u00e9crits ci-apr\u00e8s.<\/p>\n<p><strong>B. Newsletter<\/strong><\/p>\n<p>Avec le consentement de la Personne concern\u00e9e, ses donn\u00e9es personnelles peuvent \u00eatre utilis\u00e9es dans le cadre de la newsletter du site pour envoyer des publicit\u00e9s ou d&rsquo;autres messages promotionnels relatifs \u00e0 l&rsquo;offre de biens et services propos\u00e9s par le Responsable du traitement via le site.<\/p>\n<p>Les donn\u00e9es trait\u00e9es peuvent inclure : (i) nom et pr\u00e9nom, (ii) adresse e-mail, &#8230;<\/p>\n<p>La Personne concern\u00e9e peut retirer son consentement \u00e0 tout moment, et les donn\u00e9es devront \u00eatre supprim\u00e9es par le Responsable du traitement en fonction de cette demande sp\u00e9cifique de suppression du service.<\/p>\n<p><strong>Pour proc\u00e9der \u00e0 la suppression, l&rsquo;utilisateur peut s\u00e9lectionner \u00e0 tout moment le lien figurant en bas de chaque e-mail re\u00e7u via la newsletter.<\/strong><\/p>\n<p>Le Responsable du traitement conserve les donn\u00e9es personnelles de l&rsquo;utilisateur jusqu&rsquo;\u00e0 ce que ce dernier ait retir\u00e9 son consentement de la mani\u00e8re d\u00e9crite ci-dessus.<\/p>\n<h3>COOKIES ET DONN\u00c9ES DE NAVIGATION<\/h3>\n<p>Ce site utilise des cookies pour am\u00e9liorer l&rsquo;exp\u00e9rience de navigation des utilisateurs. Les cookies sont de petits fichiers texte install\u00e9s sur notre site, conserv\u00e9s pour les visites ult\u00e9rieures et permettant d&rsquo;obtenir des informations sur l&rsquo;activit\u00e9 de l&rsquo;utilisateur sur une page web donn\u00e9e, la cr\u00e9ation de profils utilisateurs, l&rsquo;analyse du trafic sur le site; une offre de publicit\u00e9 ou de contenu personnalis\u00e9 en fonction des pr\u00e9f\u00e9rences de l&rsquo;utilisateur.<\/p>\n<p>L&rsquo;utilisateur peut consentir \u00e0 notre utilisation de tous les cookies install\u00e9s via le bouton \u00ab\u00a0Accepter tous\u00a0\u00bb, ainsi que refuser via le bouton \u00ab\u00a0Refuser tous\u00a0\u00bb ou choisir les pr\u00e9f\u00e9rences de consentement via le bouton \u00ab\u00a0Personnaliser\u00a0\u00bb ou en utilisant la fen\u00eatre contextuelle activable par l&rsquo;ic\u00f4ne pr\u00e9sente sur toutes les pages du site en bas \u00e0 gauche.<\/p>\n<h3>CAT\u00c9GORIES DE DESTINATAIRES DU TRAITEMENT<\/h3>\n<p>Pour atteindre les finalit\u00e9s du traitement mentionn\u00e9es ci-dessus, le Responsable du traitement peut transmettre les donn\u00e9es personnelles de l&rsquo;utilisateur \u00e0 certaines cat\u00e9gories de destinataires, qui peuvent \u00eatre list\u00e9es comme suit :<\/p>\n<ul>\n<li>Partenaires commerciaux;<\/li>\n<li>Entit\u00e9s juridiques charg\u00e9es de la consultation et de la gestion du site;<\/li>\n<li>Prestataires de services de t\u00e9l\u00e9communications (y compris le service de courrier \u00e9lectronique);<\/li>\n<li>Prestataires de services d&rsquo;envoi de newsletters;<\/li>\n<li>Les autorit\u00e9s comp\u00e9tentes \u00e0 qui les donn\u00e9es doivent \u00eatre transmises en vertu d&rsquo;obligations l\u00e9gales et contractuelles.<\/li>\n<\/ul>\n<h3>COMMUNICATION \u00c0 L&rsquo;\u00c9TRANGER<\/h3>\n<p>En principe, les donn\u00e9es personnelles de la Personne concern\u00e9e sont trait\u00e9es par le Responsable du traitement et ses auxiliaires, respectivement les destinataires du traitement mentionn\u00e9s ci-dessus.<\/p>\n<p>Les donn\u00e9es de l&rsquo;utilisateur peuvent cependant \u00eatre communiqu\u00e9es \u00e0 l&rsquo;\u00e9tranger, lorsque n\u00e9cessaire pour la finalit\u00e9 du traitement, sous r\u00e9serve de v\u00e9rification par le Responsable du traitement de l&rsquo;existence d&rsquo;un r\u00e9gime de protection ad\u00e9quat dans le pays de communication (r\u00e9f\u00e9rence \u00e0 l&rsquo;Annexe 1 de l&rsquo;Ordonnance f\u00e9d\u00e9rale sur la protection des donn\u00e9es). Le Responsable du traitement s&rsquo;engage \u00e0 v\u00e9rifier r\u00e9guli\u00e8rement le contenu de ladite Annexe.<\/p>\n<h3>DROITS DE LA PERSONNE CONCERN\u00c9E<\/h3>\n<p>La Personne concern\u00e9e dispose des droits suivants (liste non exhaustive), qu&rsquo;elle peut exercer \u00e0 tout moment par une demande \u00e9crite aux coordonn\u00e9es du Responsable du traitement indiqu\u00e9es ci-dessus :<\/p>\n<ul>\n<li>Vous pouvez \u00e0 tout moment et gratuitement obtenir des informations sur vos donn\u00e9es personnelles que nous traitons, ainsi que recevoir vos donn\u00e9es personnelles fournies, dans un format lisible.<\/li>\n<li>Si nous traitons vos donn\u00e9es personnelles incompl\u00e8tes ou inexactes, vous pouvez demander leur rectification \u00e0 tout moment et \u00eatre \u00e9ventuellement inform\u00e9 du processus de rectification. Si cela n&rsquo;implique pas un effort disproportionn\u00e9, les destinataires seront \u00e9galement inform\u00e9s de la rectification des donn\u00e9es personnelles.<\/li>\n<li>Vous avez le droit de demander au Responsable du traitement la suppression des donn\u00e9es personnelles trait\u00e9es, ainsi que de limiter leur traitement au strict n\u00e9cessaire pour la finalit\u00e9 du traitement.<\/li>\n<\/ul>\n<p>Nous nous engageons \u00e0 r\u00e9pondre \u00e0 toute demande de la Personne concern\u00e9e sans d\u00e9lai mais, en tout cas, dans un d\u00e9lai de 30 jours \u00e0 compter de la r\u00e9ception de toute documentation n\u00e9cessaire \u00e0 l&rsquo;ach\u00e8vement de ladite demande.<\/p>\n<h3>VERSION EN VIGUEUR, MODIFICATIONS ET MISES \u00c0 JOUR<\/h3>\n<p>Pour garantir que notre Politique soit toujours conforme aux dispositions l\u00e9gales en vigueur, nous nous r\u00e9servons le droit d&rsquo;apporter des modifications \u00e0 tout moment.<br \/><br \/>Derni\u00e8re mise \u00e0 jour : 11 septembre 2023.<\/p>\t\t\t\t\t\t\t\t<\/div>\n\t\t\t\t<\/div>\n\t\t\t\t\t<\/div>\n\t\t\t\t<\/div>\n\t\t\t\t<\/div>\n\t\t","protected":false},"excerpt":{"rendered":"<p>Politique de confidentialit\u00e9 La pr\u00e9sente politique de traitement des donn\u00e9es personnelles (\u00ab\u00a0Politique\u00a0\u00bb) est conforme aux dispositions de la Loi F\u00e9d\u00e9rale sur la Protection des Donn\u00e9es (\u00abLPD\u00bb). Cette Politique fournit de mani\u00e8re appropri\u00e9e et transparente les informations sur le traitement des donn\u00e9es des utilisateurs effectu\u00e9 par le Responsable du traitement (d\u00e9fini plus loin), notamment pour ceux &#8230; <a title=\"Privacy Policy\" class=\"read-more\" href=\"https:\/\/arxivar.ch\/fr\/privacy-policy\/\" aria-label=\"Read more about Privacy Policy\">Lire la suite<\/a><\/p>\n","protected":false},"author":1,"featured_media":0,"parent":0,"menu_order":0,"comment_status":"closed","ping_status":"open","template":"","meta":{"footnotes":""},"class_list":["post-29086","page","type-page","status-publish"],"yoast_head":"<!-- This site is optimized with the Yoast SEO plugin v27.4 - https:\/\/yoast.com\/product\/yoast-seo-wordpress\/ -->\n<title>Privacy Policy - ARXivar<\/title>\n<meta name=\"robots\" content=\"index, follow, max-snippet:-1, max-image-preview:large, max-video-preview:-1\" \/>\n<link rel=\"canonical\" href=\"https:\/\/arxivar.ch\/privacy-policy\/\" \/>\n<meta property=\"og:locale\" content=\"fr_FR\" \/>\n<meta property=\"og:type\" content=\"article\" \/>\n<meta property=\"og:title\" content=\"Privacy Policy - ARXivar\" \/>\n<meta property=\"og:description\" content=\"Politique de confidentialit\u00e9 La pr\u00e9sente politique de traitement des donn\u00e9es personnelles (\u00ab\u00a0Politique\u00a0\u00bb) est conforme aux dispositions de la Loi F\u00e9d\u00e9rale sur la Protection des Donn\u00e9es (\u00abLPD\u00bb). Cette Politique fournit de mani\u00e8re appropri\u00e9e et transparente les informations sur le traitement des donn\u00e9es des utilisateurs effectu\u00e9 par le Responsable du traitement (d\u00e9fini plus loin), notamment pour ceux ... Lire la suite\" \/>\n<meta property=\"og:url\" content=\"https:\/\/arxivar.ch\/privacy-policy\/\" \/>\n<meta property=\"og:site_name\" content=\"ARXivar\" \/>\n<meta property=\"article:modified_time\" content=\"2024-11-11T15:30:52+00:00\" \/>\n<meta name=\"twitter:card\" content=\"summary_large_image\" \/>\n<meta name=\"twitter:label1\" content=\"Dur\u00e9e de lecture estim\u00e9e\" \/>\n\t<meta name=\"twitter:data1\" content=\"7 minutes\" \/>\n<script type=\"application\/ld+json\" class=\"yoast-schema-graph\">{\"@context\":\"https:\\\/\\\/schema.org\",\"@graph\":[{\"@type\":\"WebPage\",\"@id\":\"https:\\\/\\\/arxivar.ch\\\/privacy-policy\\\/\",\"url\":\"https:\\\/\\\/arxivar.ch\\\/privacy-policy\\\/\",\"name\":\"Privacy Policy - ARXivar\",\"isPartOf\":{\"@id\":\"https:\\\/\\\/arxivar.ch\\\/#website\"},\"datePublished\":\"2024-10-21T10:05:56+00:00\",\"dateModified\":\"2024-11-11T15:30:52+00:00\",\"breadcrumb\":{\"@id\":\"https:\\\/\\\/arxivar.ch\\\/privacy-policy\\\/#breadcrumb\"},\"inLanguage\":\"fr-FR\",\"potentialAction\":[{\"@type\":\"ReadAction\",\"target\":[\"https:\\\/\\\/arxivar.ch\\\/privacy-policy\\\/\"]}]},{\"@type\":\"BreadcrumbList\",\"@id\":\"https:\\\/\\\/arxivar.ch\\\/privacy-policy\\\/#breadcrumb\",\"itemListElement\":[{\"@type\":\"ListItem\",\"position\":1,\"name\":\"Home\",\"item\":\"https:\\\/\\\/arxivar.ch\\\/fr\\\/\"},{\"@type\":\"ListItem\",\"position\":2,\"name\":\"Privacy Policy\"}]},{\"@type\":\"WebSite\",\"@id\":\"https:\\\/\\\/arxivar.ch\\\/#website\",\"url\":\"https:\\\/\\\/arxivar.ch\\\/\",\"name\":\"ARXivar\",\"description\":\"Software di gestione digitale dei processi\",\"publisher\":{\"@id\":\"https:\\\/\\\/arxivar.ch\\\/#organization\"},\"potentialAction\":[{\"@type\":\"SearchAction\",\"target\":{\"@type\":\"EntryPoint\",\"urlTemplate\":\"https:\\\/\\\/arxivar.ch\\\/?s={search_term_string}\"},\"query-input\":{\"@type\":\"PropertyValueSpecification\",\"valueRequired\":true,\"valueName\":\"search_term_string\"}}],\"inLanguage\":\"fr-FR\"},{\"@type\":\"Organization\",\"@id\":\"https:\\\/\\\/arxivar.ch\\\/#organization\",\"name\":\"ARXivar\",\"url\":\"https:\\\/\\\/arxivar.ch\\\/\",\"logo\":{\"@type\":\"ImageObject\",\"inLanguage\":\"fr-FR\",\"@id\":\"https:\\\/\\\/arxivar.ch\\\/#\\\/schema\\\/logo\\\/image\\\/\",\"url\":\"https:\\\/\\\/arxivar.ch\\\/wp-content\\\/uploads\\\/2026\\\/01\\\/CHC_ARXivar_logo_new.png\",\"contentUrl\":\"https:\\\/\\\/arxivar.ch\\\/wp-content\\\/uploads\\\/2026\\\/01\\\/CHC_ARXivar_logo_new.png\",\"width\":500,\"height\":104,\"caption\":\"ARXivar\"},\"image\":{\"@id\":\"https:\\\/\\\/arxivar.ch\\\/#\\\/schema\\\/logo\\\/image\\\/\"}}]}<\/script>\n<!-- \/ Yoast SEO plugin. -->","yoast_head_json":{"title":"Privacy Policy - ARXivar","robots":{"index":"index","follow":"follow","max-snippet":"max-snippet:-1","max-image-preview":"max-image-preview:large","max-video-preview":"max-video-preview:-1"},"canonical":"https:\/\/arxivar.ch\/privacy-policy\/","og_locale":"fr_FR","og_type":"article","og_title":"Privacy Policy - ARXivar","og_description":"Politique de confidentialit\u00e9 La pr\u00e9sente politique de traitement des donn\u00e9es personnelles (\u00ab\u00a0Politique\u00a0\u00bb) est conforme aux dispositions de la Loi F\u00e9d\u00e9rale sur la Protection des Donn\u00e9es (\u00abLPD\u00bb). Cette Politique fournit de mani\u00e8re appropri\u00e9e et transparente les informations sur le traitement des donn\u00e9es des utilisateurs effectu\u00e9 par le Responsable du traitement (d\u00e9fini plus loin), notamment pour ceux ... Lire la suite","og_url":"https:\/\/arxivar.ch\/privacy-policy\/","og_site_name":"ARXivar","article_modified_time":"2024-11-11T15:30:52+00:00","twitter_card":"summary_large_image","twitter_misc":{"Dur\u00e9e de lecture estim\u00e9e":"7 minutes"},"schema":{"@context":"https:\/\/schema.org","@graph":[{"@type":"WebPage","@id":"https:\/\/arxivar.ch\/privacy-policy\/","url":"https:\/\/arxivar.ch\/privacy-policy\/","name":"Privacy Policy - ARXivar","isPartOf":{"@id":"https:\/\/arxivar.ch\/#website"},"datePublished":"2024-10-21T10:05:56+00:00","dateModified":"2024-11-11T15:30:52+00:00","breadcrumb":{"@id":"https:\/\/arxivar.ch\/privacy-policy\/#breadcrumb"},"inLanguage":"fr-FR","potentialAction":[{"@type":"ReadAction","target":["https:\/\/arxivar.ch\/privacy-policy\/"]}]},{"@type":"BreadcrumbList","@id":"https:\/\/arxivar.ch\/privacy-policy\/#breadcrumb","itemListElement":[{"@type":"ListItem","position":1,"name":"Home","item":"https:\/\/arxivar.ch\/fr\/"},{"@type":"ListItem","position":2,"name":"Privacy Policy"}]},{"@type":"WebSite","@id":"https:\/\/arxivar.ch\/#website","url":"https:\/\/arxivar.ch\/","name":"ARXivar","description":"Software di gestione digitale dei processi","publisher":{"@id":"https:\/\/arxivar.ch\/#organization"},"potentialAction":[{"@type":"SearchAction","target":{"@type":"EntryPoint","urlTemplate":"https:\/\/arxivar.ch\/?s={search_term_string}"},"query-input":{"@type":"PropertyValueSpecification","valueRequired":true,"valueName":"search_term_string"}}],"inLanguage":"fr-FR"},{"@type":"Organization","@id":"https:\/\/arxivar.ch\/#organization","name":"ARXivar","url":"https:\/\/arxivar.ch\/","logo":{"@type":"ImageObject","inLanguage":"fr-FR","@id":"https:\/\/arxivar.ch\/#\/schema\/logo\/image\/","url":"https:\/\/arxivar.ch\/wp-content\/uploads\/2026\/01\/CHC_ARXivar_logo_new.png","contentUrl":"https:\/\/arxivar.ch\/wp-content\/uploads\/2026\/01\/CHC_ARXivar_logo_new.png","width":500,"height":104,"caption":"ARXivar"},"image":{"@id":"https:\/\/arxivar.ch\/#\/schema\/logo\/image\/"}}]}},"_links":{"self":[{"href":"https:\/\/arxivar.ch\/fr\/wp-json\/wp\/v2\/pages\/29086","targetHints":{"allow":["GET"]}}],"collection":[{"href":"https:\/\/arxivar.ch\/fr\/wp-json\/wp\/v2\/pages"}],"about":[{"href":"https:\/\/arxivar.ch\/fr\/wp-json\/wp\/v2\/types\/page"}],"author":[{"embeddable":true,"href":"https:\/\/arxivar.ch\/fr\/wp-json\/wp\/v2\/users\/1"}],"replies":[{"embeddable":true,"href":"https:\/\/arxivar.ch\/fr\/wp-json\/wp\/v2\/comments?post=29086"}],"version-history":[{"count":3,"href":"https:\/\/arxivar.ch\/fr\/wp-json\/wp\/v2\/pages\/29086\/revisions"}],"predecessor-version":[{"id":29090,"href":"https:\/\/arxivar.ch\/fr\/wp-json\/wp\/v2\/pages\/29086\/revisions\/29090"}],"wp:attachment":[{"href":"https:\/\/arxivar.ch\/fr\/wp-json\/wp\/v2\/media?parent=29086"}],"curies":[{"name":"wp","href":"https:\/\/api.w.org\/{rel}","templated":true}]}}